{"id":218,"date":"2023-09-22T04:44:07","date_gmt":"2023-09-22T08:44:07","guid":{"rendered":"https:\/\/www.hobbynext.ca\/page-daccueil\/"},"modified":"2023-09-27T04:56:49","modified_gmt":"2023-09-27T08:56:49","slug":"page-daccueil","status":"publish","type":"page","link":"https:\/\/www.hobbynext.ca\/fr\/","title":{"rendered":"Page d&rsquo;accueil"},"content":{"rendered":"","protected":false},"excerpt":{"rendered":"","protected":false},"author":7,"featured_media":0,"parent":0,"menu_order":0,"comment_status":"closed","ping_status":"closed","template":"","meta":{"_acf_changed":false,"inline_featured_image":false,"footnotes":""},"acf":[],"yoast_head":"<!-- This site is optimized with the Yoast SEO plugin v22.9 - https:\/\/yoast.com\/wordpress\/plugins\/seo\/ -->\n<title>Page d&#039;accueil - hobbynext.ca<\/title>\n<meta name=\"description\" content=\"Page d&#039;accueil. Le site Hobby Next permet aux passionn\u00e9s de jeux de soci\u00e9t\u00e9 de gagner des cadeaux in\u00e9dits, disponibles exclusivement dans les boutiques de jeux agr\u00e9\u00e9es Hobby Next.\" \/>\n<meta name=\"robots\" content=\"index, follow, max-snippet:-1, max-image-preview:large, max-video-preview:-1\" \/>\n<link rel=\"canonical\" href=\"https:\/\/www.hobbynext.ca\/fr\/\" \/>\n<meta property=\"og:locale\" content=\"fr_FR\" \/>\n<meta property=\"og:type\" content=\"article\" \/>\n<meta property=\"og:title\" content=\"Page d&#039;accueil - hobbynext.ca\" \/>\n<meta property=\"og:description\" content=\"Page d&#039;accueil. Le site Hobby Next permet aux passionn\u00e9s de jeux de soci\u00e9t\u00e9 de gagner des cadeaux in\u00e9dits, disponibles exclusivement dans les boutiques de jeux agr\u00e9\u00e9es Hobby Next.\" \/>\n<meta property=\"og:url\" content=\"https:\/\/www.hobbynext.ca\/fr\/\" \/>\n<meta property=\"og:site_name\" content=\"hobbynext.ca\" \/>\n<meta property=\"article:modified_time\" content=\"2023-09-27T08:56:49+00:00\" \/>\n<meta name=\"twitter:card\" content=\"summary_large_image\" \/>\n<script type=\"application\/ld+json\" class=\"yoast-schema-graph\">{\"@context\":\"https:\/\/schema.org\",\"@graph\":[{\"@type\":\"WebPage\",\"@id\":\"https:\/\/www.hobbynext.ca\/fr\/\",\"url\":\"https:\/\/www.hobbynext.ca\/fr\/\",\"name\":\"Page d'accueil - hobbynext.ca\",\"isPartOf\":{\"@id\":\"https:\/\/www.hobbynext.ca\/#website\"},\"datePublished\":\"2023-09-22T08:44:07+00:00\",\"dateModified\":\"2023-09-27T08:56:49+00:00\",\"description\":\"Page d'accueil. Le site Hobby Next permet aux passionn\u00e9s de jeux de soci\u00e9t\u00e9 de gagner des cadeaux in\u00e9dits, disponibles exclusivement dans les boutiques de jeux agr\u00e9\u00e9es Hobby Next.\",\"breadcrumb\":{\"@id\":\"https:\/\/www.hobbynext.ca\/fr\/#breadcrumb\"},\"inLanguage\":\"fr-FR\",\"potentialAction\":[{\"@type\":\"ReadAction\",\"target\":[\"https:\/\/www.hobbynext.ca\/fr\/\"]}]},{\"@type\":\"BreadcrumbList\",\"@id\":\"https:\/\/www.hobbynext.ca\/fr\/#breadcrumb\",\"itemListElement\":[{\"@type\":\"ListItem\",\"position\":1,\"name\":\"Home\",\"item\":\"https:\/\/www.hobbynext.ca\/fr\/\"},{\"@type\":\"ListItem\",\"position\":2,\"name\":\"Page d&#8217;accueil\"}]},{\"@type\":\"WebSite\",\"@id\":\"https:\/\/www.hobbynext.ca\/#website\",\"url\":\"https:\/\/www.hobbynext.ca\/\",\"name\":\"hobbynext.ca\",\"description\":\"\",\"publisher\":{\"@id\":\"https:\/\/www.hobbynext.ca\/#organization\"},\"potentialAction\":[{\"@type\":\"SearchAction\",\"target\":{\"@type\":\"EntryPoint\",\"urlTemplate\":\"https:\/\/www.hobbynext.ca\/?s={search_term_string}\"},\"query-input\":\"required name=search_term_string\"}],\"inLanguage\":\"fr-FR\"},{\"@type\":\"Organization\",\"@id\":\"https:\/\/www.hobbynext.ca\/#organization\",\"name\":\"hobbynext.ca\",\"url\":\"https:\/\/www.hobbynext.ca\/\",\"logo\":{\"@type\":\"ImageObject\",\"inLanguage\":\"fr-FR\",\"@id\":\"https:\/\/www.hobbynext.ca\/#\/schema\/logo\/image\/\",\"url\":\"https:\/\/cdn.svc.asmodee.net\/production-hobbynext\/uploads\/sites\/3\/2023\/09\/cropped-23025_Hobby-Next_Metabar-Icon_Final_Colour-Black.png\",\"contentUrl\":\"https:\/\/cdn.svc.asmodee.net\/production-hobbynext\/uploads\/sites\/3\/2023\/09\/cropped-23025_Hobby-Next_Metabar-Icon_Final_Colour-Black.png\",\"width\":871,\"height\":755,\"caption\":\"hobbynext.ca\"},\"image\":{\"@id\":\"https:\/\/www.hobbynext.ca\/#\/schema\/logo\/image\/\"}}]}<\/script>\n<!-- \/ Yoast SEO plugin. -->","yoast_head_json":{"title":"Page d'accueil - hobbynext.ca","description":"Page d'accueil. Le site Hobby Next permet aux passionn\u00e9s de jeux de soci\u00e9t\u00e9 de gagner des cadeaux in\u00e9dits, disponibles exclusivement dans les boutiques de jeux agr\u00e9\u00e9es Hobby Next.","robots":{"index":"index","follow":"follow","max-snippet":"max-snippet:-1","max-image-preview":"max-image-preview:large","max-video-preview":"max-video-preview:-1"},"canonical":"https:\/\/www.hobbynext.ca\/fr\/","og_locale":"fr_FR","og_type":"article","og_title":"Page d'accueil - hobbynext.ca","og_description":"Page d'accueil. Le site Hobby Next permet aux passionn\u00e9s de jeux de soci\u00e9t\u00e9 de gagner des cadeaux in\u00e9dits, disponibles exclusivement dans les boutiques de jeux agr\u00e9\u00e9es Hobby Next.","og_url":"https:\/\/www.hobbynext.ca\/fr\/","og_site_name":"hobbynext.ca","article_modified_time":"2023-09-27T08:56:49+00:00","twitter_card":"summary_large_image","schema":{"@context":"https:\/\/schema.org","@graph":[{"@type":"WebPage","@id":"https:\/\/www.hobbynext.ca\/fr\/","url":"https:\/\/www.hobbynext.ca\/fr\/","name":"Page d'accueil - hobbynext.ca","isPartOf":{"@id":"https:\/\/www.hobbynext.ca\/#website"},"datePublished":"2023-09-22T08:44:07+00:00","dateModified":"2023-09-27T08:56:49+00:00","description":"Page d'accueil. Le site Hobby Next permet aux passionn\u00e9s de jeux de soci\u00e9t\u00e9 de gagner des cadeaux in\u00e9dits, disponibles exclusivement dans les boutiques de jeux agr\u00e9\u00e9es Hobby Next.","breadcrumb":{"@id":"https:\/\/www.hobbynext.ca\/fr\/#breadcrumb"},"inLanguage":"fr-FR","potentialAction":[{"@type":"ReadAction","target":["https:\/\/www.hobbynext.ca\/fr\/"]}]},{"@type":"BreadcrumbList","@id":"https:\/\/www.hobbynext.ca\/fr\/#breadcrumb","itemListElement":[{"@type":"ListItem","position":1,"name":"Home","item":"https:\/\/www.hobbynext.ca\/fr\/"},{"@type":"ListItem","position":2,"name":"Page d&#8217;accueil"}]},{"@type":"WebSite","@id":"https:\/\/www.hobbynext.ca\/#website","url":"https:\/\/www.hobbynext.ca\/","name":"hobbynext.ca","description":"","publisher":{"@id":"https:\/\/www.hobbynext.ca\/#organization"},"potentialAction":[{"@type":"SearchAction","target":{"@type":"EntryPoint","urlTemplate":"https:\/\/www.hobbynext.ca\/?s={search_term_string}"},"query-input":"required name=search_term_string"}],"inLanguage":"fr-FR"},{"@type":"Organization","@id":"https:\/\/www.hobbynext.ca\/#organization","name":"hobbynext.ca","url":"https:\/\/www.hobbynext.ca\/","logo":{"@type":"ImageObject","inLanguage":"fr-FR","@id":"https:\/\/www.hobbynext.ca\/#\/schema\/logo\/image\/","url":"https:\/\/cdn.svc.asmodee.net\/production-hobbynext\/uploads\/sites\/3\/2023\/09\/cropped-23025_Hobby-Next_Metabar-Icon_Final_Colour-Black.png","contentUrl":"https:\/\/cdn.svc.asmodee.net\/production-hobbynext\/uploads\/sites\/3\/2023\/09\/cropped-23025_Hobby-Next_Metabar-Icon_Final_Colour-Black.png","width":871,"height":755,"caption":"hobbynext.ca"},"image":{"@id":"https:\/\/www.hobbynext.ca\/#\/schema\/logo\/image\/"}}]}},"_links":{"self":[{"href":"https:\/\/www.hobbynext.ca\/fr\/wp-json\/wp\/v2\/pages\/218"}],"collection":[{"href":"https:\/\/www.hobbynext.ca\/fr\/wp-json\/wp\/v2\/pages"}],"about":[{"href":"https:\/\/www.hobbynext.ca\/fr\/wp-json\/wp\/v2\/types\/page"}],"author":[{"embeddable":true,"href":"https:\/\/www.hobbynext.ca\/fr\/wp-json\/wp\/v2\/users\/7"}],"replies":[{"embeddable":true,"href":"https:\/\/www.hobbynext.ca\/fr\/wp-json\/wp\/v2\/comments?post=218"}],"version-history":[{"count":2,"href":"https:\/\/www.hobbynext.ca\/fr\/wp-json\/wp\/v2\/pages\/218\/revisions"}],"predecessor-version":[{"id":226,"href":"https:\/\/www.hobbynext.ca\/fr\/wp-json\/wp\/v2\/pages\/218\/revisions\/226"}],"wp:attachment":[{"href":"https:\/\/www.hobbynext.ca\/fr\/wp-json\/wp\/v2\/media?parent=218"}],"curies":[{"name":"wp","href":"https:\/\/api.w.org\/{rel}","templated":true}]}}