{"id":217,"date":"2023-09-22T04:50:16","date_gmt":"2023-09-22T08:50:16","guid":{"rendered":"https:\/\/www.hobbynext.ca\/boutiques-de-jeux\/"},"modified":"2023-09-27T04:53:05","modified_gmt":"2023-09-27T08:53:05","slug":"boutiques-de-jeux","status":"publish","type":"page","link":"https:\/\/www.hobbynext.ca\/fr\/boutiques-de-jeux\/","title":{"rendered":"Boutiques de jeux"},"content":{"rendered":"<div id=\"wpsl-wrap\">\r\n    <div class=\"asmodee-topbar-target\"><\/div>\n\n    <script>\n        var navBarConf = {\n            new_design: true,\n            currentLanguage: 'fr',\n            client_id: 'hobby-next',\n            base_is_host: \"https:\/\/account.asmodee.net\",\n            base_url: \"https:\/\/api.asmodee.net\/main\/v1\",\n            response_type: \"code token id_token\",\n            scope: \"openid+public+profile+email+private+address\",\n            redirect_uri: 'https:\/\/www.hobbynext.ca\/',\n            extraparam: null,\n            logout_redirect_uri: 'https:\/\/www.hobbynext.ca\/',\n            disabled: [\"gift\", \"experts\", \"asmodee\", \"un\", \"hn\", \"sl\"],\n            enabled: [\"pnp\", \"bga\"],\n            social_disabled: [\"twitch\", \"tiktok\", \"linkedin\", \"fb\", \"insta\", \"tw\", \"yt\"],\n            targetMobile: \".header__footer-bis\",\n            target: \".asmodee-topbar-target\",\n            themeMobile: \"has-back\",\n            post_login_redirect: false,\n            post_login_event: true,\n            languages: [\n                                {\n                    \"lang\": \"en\",\n                    \"text\": \"EN\",\n                    \"link\": \"https:\/\/www.hobbynext.ca\/\",\n                    \"textMobile\": \"Version English\"\n                },\n                {\n                    \"lang\": \"fr\",\n                    \"text\": \"FR\",\n                    \"link\": \"https:\/\/www.hobbynext.ca\/fr\/\",\n                    \"textMobile\": \"Version Fran\u00e7ais\"\n                }            ],\n        };\n        (function (w, d, s, o, f, js, fjs) {\n            w[\"Asmodee-TopBar\"] = o;\n            w[o] = w[o] || function () {\n                (w[o].q = w[o].q || []).push(arguments);\n            };\n            js = d.createElement(s), fjs = d.getElementsByTagName(s)[0];\n            js.id = o;\n            js.src = f;\n            js.async = 1;\n            fjs.parentNode.insertBefore(js, fjs);\n        }(window, document, \"script\", \"atb\", \"\/\/nav.asmodee.net\/dist\/1.7.10\/asmodee-navbar-full.1.7.10.js\"));\n        atb(\"init\", navBarConf);\n        atb(\"display\");\n    <\/script>\n    \t<div class=\"wpsl-hero\">\r\n\t\t<div class=\"wpsl-header\">\r\n\t\t\t<a href=\"https:\/\/www.hobbynext.ca\/fr\/\"><img decoding=\"async\" class=\"header__logo\" src=\"\/wp-content\/themes\/hobbynext\/assets\/img\/logo.svg\" alt=\"HobbyNext logo\"><\/a>\r\n\t\t\t<a href=\"https:\/\/www.hobbynext.ca\/fr\/\"><svg class=\"icon \" width=\"24\" height=\"24\"><use xlink:href=\"\/wp-content\/themes\/hobbynext\/src\/img\/sprite.svg#close\"><\/use><\/svg><\/a>\r\n\t\t<\/div>\r\n\t\t<h1 class=\"wpsl-title\">Trouvez des tr\u00e9sors pr\u00e8s de chez vous<\/h1>\r\n\t<\/div>\r\n\t<div class=\"wpsl-search wpsl-clearfix wpsl-no-filters\">\r\n\t\t<div id=\"wpsl-search-wrap\">\r\n\t\t\t<form autocomplete=\"off\">\r\n\t\t\t<div class=\"wpsl-input\">\r\n\t\t\t\t<div class=\"wpsl__search-bar\" >\r\n\t\t\t\t\t<div class=\"wpsl__search-input-wrapper\">\t\t\t\t\t\t<span class=\"wpsl__search-icon\"><svg class=\"icon \" width=\"24\" height=\"24\"><use xlink:href=\"\/wp-content\/themes\/hobbynext\/src\/img\/sprite.svg#search\"><\/use><\/svg><svg class=\"wpsl__location-icon\" width=\"18\" height=\"21\" viewBox=\"0 0 18 21\" fill=\"none\" xmlns=\"http:\/\/www.w3.org\/2000\/svg\"><path d=\"M17.5 6.7C16.45 2.08 12.42 0 8.87998 0C8.87998 0 8.87998 0 8.86998 0C5.33998 0 1.29998 2.07 0.249978 6.69C-0.920022 11.85 2.23998 16.22 5.09998 18.97C6.15998 19.99 7.51998 20.5 8.87998 20.5C10.24 20.5 11.6 19.99 12.65 18.97C15.51 16.22 18.67 11.86 17.5 6.7ZM8.87998 11.71C7.13998 11.71 5.72998 10.3 5.72998 8.56C5.72998 6.82 7.13998 5.41 8.87998 5.41C10.62 5.41 12.03 6.82 12.03 8.56C12.03 10.3 10.62 11.71 8.87998 11.71Z\" fill=\"#18181B\"\/><\/svg><\/span>\t\t\t\t\t\t<input class=\"input\" id=\"wpsl-search-input\" type=\"text\" value=\"\" name=\"wpsl-search-input\" placeholder=\"Rechercher une ville, code postal\" aria-required=\"true\" \/>\r\n\t\t\t\t\t<\/div>\t\t\t\t\t<button class=\"wpsl__search-geo\">\t\t\t\t\t\t<div class=\"wpsl-icon-direction\"><svg class=\"icon \" width=\"24\" height=\"24\"><use xlink:href=\"\/wp-content\/themes\/hobbynext\/src\/img\/sprite.svg#positionloc\"><\/use><\/svg><\/div>\t\t\t\t\t<\/button>\t\t\t\t<\/div>\r\n\t\t\t<\/div>\r\n\t\t\t<div class=\"wpsl-search-bottom-row\">\r\n\n\t\t<div class=\"select-dropdown js-store-game-filter\">\n\t\t\t<span class=\"select-dropdown__head\">\n\t\t\t\t<svg width=\"20\" height=\"20\" viewBox=\"0 0 20 20\" fill=\"none\" xmlns=\"http:\/\/www.w3.org\/2000\/svg\"><path d=\"M18.95 2.13C18.66 1.71 18.29 1.34 17.87 1.05C16.92 0.36 15.68 0 14.19 0H5.81C5.61 0 5.41 0.00999997 5.22 0.03C1.94 0.24 0 2.37 0 5.81V14.19C0 15.68 0.36 16.92 1.05 17.87C1.34 18.29 1.71 18.66 2.13 18.95C2.95 19.55 3.99 19.9 5.22 19.98C5.41 19.99 5.61 20 5.81 20H14.19C17.83 20 20 17.83 20 14.19V5.81C20 4.32 19.64 3.08 18.95 2.13ZM6.46 8.68L5.97 8.17C5.71 7.91 5.5 7.44 5.5 7.12V5.92C5.5 5.29 5.97 4.82 6.55 4.82H8.69C9.1 4.82 9.35 5.27 9.13 5.62L7.28 8.6C7.1 8.89 6.69 8.93 6.46 8.68ZM14.5 7.02C14.5 7.44 14.24 7.96 13.98 8.22L11.73 10.21C11.42 10.47 11.21 10.99 11.21 11.41V13.66C11.21 13.97 11 14.39 10.74 14.55L10 15.02C9.32 15.44 8.38 14.97 8.38 14.13V11.36C8.38 10.99 8.17 10.52 7.96 10.26L7.72 10C7.56 9.83 7.53 9.57 7.65 9.36L10.33 5.06C10.43 4.91 10.59 4.81 10.77 4.81H13.45C14.03 4.81 14.5 5.28 14.5 5.86V7.02Z\" fill=\"#18181B\"\/><\/svg>\n\t\t\t\t<span class=\"select-dropdown__label\">Tous les jeux<\/span>\n\n        <svg class=\"icon \" width=\"20\" height=\"20\"><use xlink:href=\"\/wp-content\/themes\/hobbynext\/src\/img\/sprite.svg#caret-down\"><\/use><\/svg>\n\t\t\t<\/span>\n\t\t\t<div class=\"select-dropdown__list\">\n\t\t\t\t<div class=\"select-dropdown__wrapper\">\n          <div class=\"select-dropdown__item\">\n\t\t\t\t\t\t<input type=\"radio\" id=\"input0\" name=\"cat\" value=\"\">\n\t\t\t\t\t\t<label for=\"input0\">Tous les jeux<\/label>\n\t\t\t\t\t<\/div>\n\t\t\t\t\t<div class=\"select-dropdown__item\">\n\t\t\t\t\t<input type=\"radio\" id=\"input2965\" name=\"cat\" value=\"2965\" >\n\t\t\t\t\t<label for=\"input2965\"><p class=\"mb-0\">FIRST GIANTS \u2013 Un jeu de strat\u00e9gie sur table se d\u00e9roulant dans un monde pr\u00e9historique<\/p><img loading=\"lazy\" decoding=\"async\" width=\"1872\" height=\"781\" src=\"https:\/\/cdn.svc.asmodee.net\/production-hobbynext\/uploads\/sites\/3\/2026\/03\/PNG-72-DPI-FG_TITLES_Logo.png\" class=\"attachment-full size-full\" alt=\"FIRST GIANTS \u2013 Un jeu de strat\u00e9gie sur table se d\u00e9roulant dans un monde pr\u00e9historique\" srcset=\"https:\/\/cdn.svc.asmodee.net\/production-hobbynext\/uploads\/sites\/3\/2026\/03\/PNG-72-DPI-FG_TITLES_Logo.png 1872w, https:\/\/cdn.svc.asmodee.net\/production-hobbynext\/uploads\/sites\/3\/2026\/03\/PNG-72-DPI-FG_TITLES_Logo-300x125.png 300w, https:\/\/cdn.svc.asmodee.net\/production-hobbynext\/uploads\/sites\/3\/2026\/03\/PNG-72-DPI-FG_TITLES_Logo-1024x427.png 1024w, https:\/\/cdn.svc.asmodee.net\/production-hobbynext\/uploads\/sites\/3\/2026\/03\/PNG-72-DPI-FG_TITLES_Logo-768x320.png 768w, https:\/\/cdn.svc.asmodee.net\/production-hobbynext\/uploads\/sites\/3\/2026\/03\/PNG-72-DPI-FG_TITLES_Logo-1536x641.png 1536w, https:\/\/cdn.svc.asmodee.net\/production-hobbynext\/uploads\/sites\/3\/2026\/03\/PNG-72-DPI-FG_TITLES_Logo-550x229.png 550w, https:\/\/cdn.svc.asmodee.net\/production-hobbynext\/uploads\/sites\/3\/2026\/03\/PNG-72-DPI-FG_TITLES_Logo-1100x459.png 1100w, https:\/\/cdn.svc.asmodee.net\/production-hobbynext\/uploads\/sites\/3\/2026\/03\/PNG-72-DPI-FG_TITLES_Logo-450x188.png 450w, https:\/\/cdn.svc.asmodee.net\/production-hobbynext\/uploads\/sites\/3\/2026\/03\/PNG-72-DPI-FG_TITLES_Logo-900x375.png 900w, https:\/\/cdn.svc.asmodee.net\/production-hobbynext\/uploads\/sites\/3\/2026\/03\/PNG-72-DPI-FG_TITLES_Logo-250x104.png 250w, https:\/\/cdn.svc.asmodee.net\/production-hobbynext\/uploads\/sites\/3\/2026\/03\/PNG-72-DPI-FG_TITLES_Logo-500x209.png 500w\" sizes=\"(max-width: 1872px) 100vw, 1872px\" \/><\/label>\n\t\t\t\t<\/div><div class=\"select-dropdown__item\">\n\t\t\t\t\t<input type=\"radio\" id=\"input2927\" name=\"cat\" value=\"2927\" >\n\t\t\t\t\t<label for=\"input2927\"><p class=\"mb-0\">Horreur \u00e0 Arkham &#8211; le jeu de cartes d\u2019\u00e9pouvante\u202f!<\/p><img loading=\"lazy\" decoding=\"async\" width=\"176\" height=\"79\" src=\"https:\/\/cdn.svc.asmodee.net\/production-hobbynext\/uploads\/sites\/3\/2026\/02\/ahc01_collection-1.jpg\" class=\"attachment-full size-full\" alt=\"Horreur \u00e0 Arkham - le jeu de cartes d\u2019\u00e9pouvante\u202f!\" \/><\/label>\n\t\t\t\t<\/div>\n\t\t\t\t<\/div>\n\t\t\t<\/div>\n\t\t<\/div>\n\t\t\t\t\t<div class=\"wpsl-search-btn-wrap\"><input class=\"btn btn-secondary\" id=\"wpsl-search-btn\" type=\"submit\" value=\"Valider\"><\/div>\r\n\t\t\t<\/div>\r\n\t\t<\/form>\r\n\t\t<\/div>\r\n\t<\/div>\r\n\t<div id=\"wpsl-gmap\" class=\"wpsl-gmap-canvas\">\r\n\t\t<div id=\"didomi-gmap\" class=\"content-before-consent-map\" data-vendor=\"googlemap-fcxn8FYM\">\r\n\t\t\t<p>Google Maps a \u00e9t\u00e9 bloqu\u00e9 en raison de vos pr\u00e9f\u00e9rences en mati\u00e8re de cookies.<br \/>Vous devez nous donner votre consentement en cliquant <a href=\"javascript:window.setConsentStatusForVendor('didomi-gmap')\" title=\"ici\">ici<\/a>.<\/p>\r\n\t\t\t<p class=\"privacy\">Pour en savoir plus sur les cookies que nous utilisons, vous pouvez consulter notre <a href=\"\/fr\/politique-dutilisation-des-cookies-et-autres-traceurs\/\" title=\"politique relative aux cookies\">politique relative aux cookies<\/a>.<\/p>\r\n\t\t<\/div>\r\n\t<\/div>\r\n\t<div id=\"wpsl-result-list\">\r\n\t\t<div class=\"wpsl-drag-handle\" aria-hidden=\"true\"><\/div>\r\n\t\t<div class=\"wpsl-list-header\">\r\n\t\t\t<span class=\"wpsl-list-count\" id=\"wpsl-store-count\"><\/span>\r\n\t\t<\/div>\r\n\t\t<div id=\"wpsl-stores\" >\r\n\t\t\t<ul><\/ul>\r\n\t\t<\/div>\r\n\t\t<div id=\"wpsl-direction-details\">\r\n\t\t\t<ul><\/ul>\r\n\t\t<\/div>\r\n\t<\/div>\r\n<\/div>\r\n\n","protected":false},"excerpt":{"rendered":"","protected":false},"author":7,"featured_media":0,"parent":0,"menu_order":0,"comment_status":"closed","ping_status":"closed","template":"store-locator.php","meta":{"_acf_changed":false,"inline_featured_image":false,"footnotes":""},"acf":[],"yoast_head":"<!-- This site is optimized with the Yoast SEO plugin v22.9 - https:\/\/yoast.com\/wordpress\/plugins\/seo\/ -->\n<title>Boutiques de jeux - hobbynext.ca<\/title>\n<meta name=\"robots\" content=\"index, follow, max-snippet:-1, max-image-preview:large, max-video-preview:-1\" \/>\n<link rel=\"canonical\" href=\"https:\/\/www.hobbynext.ca\/fr\/boutiques-de-jeux\/\" \/>\n<meta property=\"og:locale\" content=\"fr_FR\" \/>\n<meta property=\"og:type\" content=\"article\" \/>\n<meta property=\"og:title\" content=\"Boutiques de jeux - hobbynext.ca\" \/>\n<meta property=\"og:url\" content=\"https:\/\/www.hobbynext.ca\/fr\/boutiques-de-jeux\/\" \/>\n<meta property=\"og:site_name\" content=\"hobbynext.ca\" \/>\n<meta property=\"article:modified_time\" content=\"2023-09-27T08:53:05+00:00\" \/>\n<meta name=\"twitter:card\" content=\"summary_large_image\" \/>\n<meta name=\"twitter:label1\" content=\"Est. reading time\" \/>\n\t<meta name=\"twitter:data1\" content=\"1 minute\" \/>\n<script type=\"application\/ld+json\" class=\"yoast-schema-graph\">{\"@context\":\"https:\/\/schema.org\",\"@graph\":[{\"@type\":\"WebPage\",\"@id\":\"https:\/\/www.hobbynext.ca\/fr\/boutiques-de-jeux\/\",\"url\":\"https:\/\/www.hobbynext.ca\/fr\/boutiques-de-jeux\/\",\"name\":\"Boutiques de jeux - hobbynext.ca\",\"isPartOf\":{\"@id\":\"https:\/\/www.hobbynext.ca\/#website\"},\"datePublished\":\"2023-09-22T08:50:16+00:00\",\"dateModified\":\"2023-09-27T08:53:05+00:00\",\"breadcrumb\":{\"@id\":\"https:\/\/www.hobbynext.ca\/fr\/boutiques-de-jeux\/#breadcrumb\"},\"inLanguage\":\"fr-FR\",\"potentialAction\":[{\"@type\":\"ReadAction\",\"target\":[\"https:\/\/www.hobbynext.ca\/fr\/boutiques-de-jeux\/\"]}]},{\"@type\":\"BreadcrumbList\",\"@id\":\"https:\/\/www.hobbynext.ca\/fr\/boutiques-de-jeux\/#breadcrumb\",\"itemListElement\":[{\"@type\":\"ListItem\",\"position\":1,\"name\":\"Home\",\"item\":\"https:\/\/www.hobbynext.ca\/fr\/\"},{\"@type\":\"ListItem\",\"position\":2,\"name\":\"Boutiques de jeux\"}]},{\"@type\":\"WebSite\",\"@id\":\"https:\/\/www.hobbynext.ca\/#website\",\"url\":\"https:\/\/www.hobbynext.ca\/\",\"name\":\"hobbynext.ca\",\"description\":\"\",\"publisher\":{\"@id\":\"https:\/\/www.hobbynext.ca\/#organization\"},\"potentialAction\":[{\"@type\":\"SearchAction\",\"target\":{\"@type\":\"EntryPoint\",\"urlTemplate\":\"https:\/\/www.hobbynext.ca\/?s={search_term_string}\"},\"query-input\":\"required name=search_term_string\"}],\"inLanguage\":\"fr-FR\"},{\"@type\":\"Organization\",\"@id\":\"https:\/\/www.hobbynext.ca\/#organization\",\"name\":\"hobbynext.ca\",\"url\":\"https:\/\/www.hobbynext.ca\/\",\"logo\":{\"@type\":\"ImageObject\",\"inLanguage\":\"fr-FR\",\"@id\":\"https:\/\/www.hobbynext.ca\/#\/schema\/logo\/image\/\",\"url\":\"https:\/\/cdn.svc.asmodee.net\/production-hobbynext\/uploads\/sites\/3\/2023\/09\/cropped-23025_Hobby-Next_Metabar-Icon_Final_Colour-Black.png\",\"contentUrl\":\"https:\/\/cdn.svc.asmodee.net\/production-hobbynext\/uploads\/sites\/3\/2023\/09\/cropped-23025_Hobby-Next_Metabar-Icon_Final_Colour-Black.png\",\"width\":871,\"height\":755,\"caption\":\"hobbynext.ca\"},\"image\":{\"@id\":\"https:\/\/www.hobbynext.ca\/#\/schema\/logo\/image\/\"}}]}<\/script>\n<!-- \/ Yoast SEO plugin. -->","yoast_head_json":{"title":"Boutiques de jeux - hobbynext.ca","robots":{"index":"index","follow":"follow","max-snippet":"max-snippet:-1","max-image-preview":"max-image-preview:large","max-video-preview":"max-video-preview:-1"},"canonical":"https:\/\/www.hobbynext.ca\/fr\/boutiques-de-jeux\/","og_locale":"fr_FR","og_type":"article","og_title":"Boutiques de jeux - hobbynext.ca","og_url":"https:\/\/www.hobbynext.ca\/fr\/boutiques-de-jeux\/","og_site_name":"hobbynext.ca","article_modified_time":"2023-09-27T08:53:05+00:00","twitter_card":"summary_large_image","twitter_misc":{"Est. reading time":"1 minute"},"schema":{"@context":"https:\/\/schema.org","@graph":[{"@type":"WebPage","@id":"https:\/\/www.hobbynext.ca\/fr\/boutiques-de-jeux\/","url":"https:\/\/www.hobbynext.ca\/fr\/boutiques-de-jeux\/","name":"Boutiques de jeux - hobbynext.ca","isPartOf":{"@id":"https:\/\/www.hobbynext.ca\/#website"},"datePublished":"2023-09-22T08:50:16+00:00","dateModified":"2023-09-27T08:53:05+00:00","breadcrumb":{"@id":"https:\/\/www.hobbynext.ca\/fr\/boutiques-de-jeux\/#breadcrumb"},"inLanguage":"fr-FR","potentialAction":[{"@type":"ReadAction","target":["https:\/\/www.hobbynext.ca\/fr\/boutiques-de-jeux\/"]}]},{"@type":"BreadcrumbList","@id":"https:\/\/www.hobbynext.ca\/fr\/boutiques-de-jeux\/#breadcrumb","itemListElement":[{"@type":"ListItem","position":1,"name":"Home","item":"https:\/\/www.hobbynext.ca\/fr\/"},{"@type":"ListItem","position":2,"name":"Boutiques de jeux"}]},{"@type":"WebSite","@id":"https:\/\/www.hobbynext.ca\/#website","url":"https:\/\/www.hobbynext.ca\/","name":"hobbynext.ca","description":"","publisher":{"@id":"https:\/\/www.hobbynext.ca\/#organization"},"potentialAction":[{"@type":"SearchAction","target":{"@type":"EntryPoint","urlTemplate":"https:\/\/www.hobbynext.ca\/?s={search_term_string}"},"query-input":"required name=search_term_string"}],"inLanguage":"fr-FR"},{"@type":"Organization","@id":"https:\/\/www.hobbynext.ca\/#organization","name":"hobbynext.ca","url":"https:\/\/www.hobbynext.ca\/","logo":{"@type":"ImageObject","inLanguage":"fr-FR","@id":"https:\/\/www.hobbynext.ca\/#\/schema\/logo\/image\/","url":"https:\/\/cdn.svc.asmodee.net\/production-hobbynext\/uploads\/sites\/3\/2023\/09\/cropped-23025_Hobby-Next_Metabar-Icon_Final_Colour-Black.png","contentUrl":"https:\/\/cdn.svc.asmodee.net\/production-hobbynext\/uploads\/sites\/3\/2023\/09\/cropped-23025_Hobby-Next_Metabar-Icon_Final_Colour-Black.png","width":871,"height":755,"caption":"hobbynext.ca"},"image":{"@id":"https:\/\/www.hobbynext.ca\/#\/schema\/logo\/image\/"}}]}},"_links":{"self":[{"href":"https:\/\/www.hobbynext.ca\/fr\/wp-json\/wp\/v2\/pages\/217"}],"collection":[{"href":"https:\/\/www.hobbynext.ca\/fr\/wp-json\/wp\/v2\/pages"}],"about":[{"href":"https:\/\/www.hobbynext.ca\/fr\/wp-json\/wp\/v2\/types\/page"}],"author":[{"embeddable":true,"href":"https:\/\/www.hobbynext.ca\/fr\/wp-json\/wp\/v2\/users\/7"}],"replies":[{"embeddable":true,"href":"https:\/\/www.hobbynext.ca\/fr\/wp-json\/wp\/v2\/comments?post=217"}],"version-history":[{"count":2,"href":"https:\/\/www.hobbynext.ca\/fr\/wp-json\/wp\/v2\/pages\/217\/revisions"}],"predecessor-version":[{"id":222,"href":"https:\/\/www.hobbynext.ca\/fr\/wp-json\/wp\/v2\/pages\/217\/revisions\/222"}],"wp:attachment":[{"href":"https:\/\/www.hobbynext.ca\/fr\/wp-json\/wp\/v2\/media?parent=217"}],"curies":[{"name":"wp","href":"https:\/\/api.w.org\/{rel}","templated":true}]}}